{"id":6709,"date":"2022-02-01T18:36:46","date_gmt":"2022-02-01T23:36:46","guid":{"rendered":"http:\/\/localhost\/websaber\/?page_id=6709"},"modified":"2022-02-01T18:40:14","modified_gmt":"2022-02-01T23:40:14","slug":"talleres","status":"publish","type":"page","link":"https:\/\/elsaber.com.pe\/site\/talleres\/","title":{"rendered":"Seminarios Talleres"},"content":{"rendered":"\t\t<div data-elementor-type=\"wp-page\" data-elementor-id=\"6709\" class=\"elementor elementor-6709\">\n\t\t\t\t\t\t<section class=\"elementor-section elementor-top-section elementor-element elementor-element-2cae013f elementor-hidden-desktop elementor-hidden-tablet elementor-hidden-mobile elementor-section-boxed elementor-section-height-default elementor-section-height-default row-top\" data-id=\"2cae013f\" data-element_type=\"section\" data-e-type=\"section\">\n\t\t\t\t\t\t<div class=\"elementor-container elementor-column-gap-default\">\n\t\t\t\t\t<div class=\"elementor-column elementor-col-100 elementor-top-column elementor-element elementor-element-197423ea column-style-top\" data-id=\"197423ea\" data-element_type=\"column\" data-e-type=\"column\">\n\t\t\t<div class=\"elementor-widget-wrap elementor-element-populated\">\n\t\t\t\t\t\t<div class=\"elementor-element elementor-element-939af69 elementor-widget elementor-widget-gva-career-block\" data-id=\"939af69\" data-element_type=\"widget\" data-e-type=\"widget\" data-widget_type=\"gva-career-block.default\">\n\t\t\t\t<div class=\"elementor-widget-container\">\n\t\t\t\t\t<div class=\"gva-element-gva-career-block gva-element\">   <div class=\"gsc-career\">\r\n               <div class=\"image-box\"><img decoding=\"async\" src=\"http:\/\/localhost\/websaber\/wp-content\/uploads\/2020\/06\/WhatsApp-Image-2020-06-06-at-12.01.32-PM.jpeg\" alt=\" Alta Direcci\u00f3n Gerencial\" title=\"\"><\/div>\r\n      \r\n      <div class=\"box-content clearfix\">\r\n                     <span class=\"job-type\">PEAD<\/span>\r\n                              <h2 class=\"title\">\r\n              <a href=\"#\"> Alta Direcci\u00f3n Gerencial<\/a>            <\/h2>\r\n                  <div class=\"box-information clearfix\">\r\n            <ul>\r\n                                 <li class=\"job-company\">\r\n                     <i class=\"icon fa fa-suitcase\"><\/i>\r\n                     Grupo El Saber                  <\/li>\r\n                                                <li class=\"job-address\">\r\n                     <i class=\"icon fas fa-map-marker-alt\"><\/i>\r\n                     Gesti\u00f3n y Administraci\u00f3n                  <\/li>\r\n                           <\/ul>\r\n         <\/div>\r\n      <\/div>   \r\n   <\/div>\r\n<\/div>\t\t\t\t<\/div>\n\t\t\t\t<\/div>\n\t\t\t\t<div class=\"elementor-element elementor-element-b3335bd elementor-widget elementor-widget-gva-career-block\" data-id=\"b3335bd\" data-element_type=\"widget\" data-e-type=\"widget\" data-widget_type=\"gva-career-block.default\">\n\t\t\t\t<div class=\"elementor-widget-container\">\n\t\t\t\t\t<div class=\"gva-element-gva-career-block gva-element\">   <div class=\"gsc-career\">\r\n               <div class=\"image-box\"><img decoding=\"async\" src=\"http:\/\/localhost\/websaber\/wp-content\/uploads\/2020\/06\/WhatsApp-Image-2020-06-06-at-12.01.29-PM.jpeg\" alt=\"Gesti\u00f3n y Administraci\u00f3n\" title=\"\"><\/div>\r\n      \r\n      <div class=\"box-content clearfix\">\r\n                     <span class=\"job-type\">PEAD<\/span>\r\n                              <h2 class=\"title\">\r\n              <a href=\"#\">Gesti\u00f3n y Administraci\u00f3n<\/a>            <\/h2>\r\n                  <div class=\"box-information clearfix\">\r\n            <ul>\r\n                                 <li class=\"job-company\">\r\n                     <i class=\"icon fa fa-suitcase\"><\/i>\r\n                     Grupo El Saber                  <\/li>\r\n                                                <li class=\"job-address\">\r\n                     <i class=\"icon fas fa-map-marker-alt\"><\/i>\r\n                     Gesti\u00f3n y Administraci\u00f3n                  <\/li>\r\n                           <\/ul>\r\n         <\/div>\r\n      <\/div>   \r\n   <\/div>\r\n<\/div>\t\t\t\t<\/div>\n\t\t\t\t<\/div>\n\t\t\t\t<div class=\"elementor-element elementor-element-2b5e81a elementor-widget elementor-widget-gva-career-block\" data-id=\"2b5e81a\" data-element_type=\"widget\" data-e-type=\"widget\" data-widget_type=\"gva-career-block.default\">\n\t\t\t\t<div class=\"elementor-widget-container\">\n\t\t\t\t\t<div class=\"gva-element-gva-career-block gva-element\">   <div class=\"gsc-career\">\r\n               <div class=\"image-box\"><img decoding=\"async\" src=\"http:\/\/localhost\/websaber\/wp-content\/uploads\/2020\/06\/WhatsApp-Image-2020-06-06-at-12.01.31-PM.jpeg\" alt=\"Educaci\u00f3n\" title=\"\"><\/div>\r\n      \r\n      <div class=\"box-content clearfix\">\r\n                     <span class=\"job-type\">PEAD<\/span>\r\n                              <h2 class=\"title\">\r\n              <a href=\"#\">Educaci\u00f3n<\/a>            <\/h2>\r\n                  <div class=\"box-information clearfix\">\r\n            <ul>\r\n                                 <li class=\"job-company\">\r\n                     <i class=\"icon fa fa-suitcase\"><\/i>\r\n                     Grupo El Saber                  <\/li>\r\n                                                <li class=\"job-address\">\r\n                     <i class=\"icon fas fa-map-marker-alt\"><\/i>\r\n                     Educaci\u00f3n                  <\/li>\r\n                           <\/ul>\r\n         <\/div>\r\n      <\/div>   \r\n   <\/div>\r\n<\/div>\t\t\t\t<\/div>\n\t\t\t\t<\/div>\n\t\t\t\t<div class=\"elementor-element elementor-element-f69138e elementor-widget elementor-widget-gva-career-block\" data-id=\"f69138e\" data-element_type=\"widget\" data-e-type=\"widget\" data-widget_type=\"gva-career-block.default\">\n\t\t\t\t<div class=\"elementor-widget-container\">\n\t\t\t\t\t<div class=\"gva-element-gva-career-block gva-element\">   <div class=\"gsc-career\">\r\n               <div class=\"image-box\"><img decoding=\"async\" src=\"http:\/\/localhost\/websaber\/wp-content\/uploads\/2020\/06\/WhatsApp-Image-2020-06-06-at-12.01.50-PM.jpeg\" alt=\"Econom\u00eda, Auditor\u00eda, Contabilidad, Negocios, Inform\u00e1tica y Derecho\" title=\"\"><\/div>\r\n      \r\n      <div class=\"box-content clearfix\">\r\n                     <span class=\"job-type\">PEAD<\/span>\r\n                              <h2 class=\"title\">\r\n              <a href=\"#\">Econom\u00eda, Auditor\u00eda, Contabilidad, Negocios, Inform\u00e1tica y Derecho<\/a>            <\/h2>\r\n                  <div class=\"box-information clearfix\">\r\n            <ul>\r\n                                 <li class=\"job-company\">\r\n                     <i class=\"icon fa fa-suitcase\"><\/i>\r\n                     Grupo El Saber                  <\/li>\r\n                                                <li class=\"job-address\">\r\n                     <i class=\"icon fas fa-map-marker-alt\"><\/i>\r\n                     Econom\u00eda, Auditor\u00eda, Contabilidad, Negocios, Inform\u00e1tica y Derecho                  <\/li>\r\n                           <\/ul>\r\n         <\/div>\r\n      <\/div>   \r\n   <\/div>\r\n<\/div>\t\t\t\t<\/div>\n\t\t\t\t<\/div>\n\t\t\t\t<div class=\"elementor-element elementor-element-b30ef88 elementor-widget elementor-widget-gva-career-block\" data-id=\"b30ef88\" data-element_type=\"widget\" data-e-type=\"widget\" data-widget_type=\"gva-career-block.default\">\n\t\t\t\t<div class=\"elementor-widget-container\">\n\t\t\t\t\t<div class=\"gva-element-gva-career-block gva-element\">   <div class=\"gsc-career\">\r\n               <div class=\"image-box\"><img decoding=\"async\" src=\"http:\/\/localhost\/websaber\/wp-content\/uploads\/2020\/06\/WhatsApp-Image-2020-06-06-at-12.01.26-PM.jpeg\" alt=\"Salud\" title=\"\"><\/div>\r\n      \r\n      <div class=\"box-content clearfix\">\r\n                     <span class=\"job-type\">PEAD<\/span>\r\n                              <h2 class=\"title\">\r\n              <a href=\"#\">Salud<\/a>            <\/h2>\r\n                  <div class=\"box-information clearfix\">\r\n            <ul>\r\n                                 <li class=\"job-company\">\r\n                     <i class=\"icon fa fa-suitcase\"><\/i>\r\n                     Grupo El Saber                  <\/li>\r\n                                                <li class=\"job-address\">\r\n                     <i class=\"icon fas fa-map-marker-alt\"><\/i>\r\n                     Salud                  <\/li>\r\n                           <\/ul>\r\n         <\/div>\r\n      <\/div>   \r\n   <\/div>\r\n<\/div>\t\t\t\t<\/div>\n\t\t\t\t<\/div>\n\t\t\t\t<div class=\"elementor-element elementor-element-0e54f7f elementor-widget elementor-widget-gva-career-block\" data-id=\"0e54f7f\" data-element_type=\"widget\" data-e-type=\"widget\" data-widget_type=\"gva-career-block.default\">\n\t\t\t\t<div class=\"elementor-widget-container\">\n\t\t\t\t\t<div class=\"gva-element-gva-career-block gva-element\">   <div class=\"gsc-career\">\r\n               <div class=\"image-box\"><img decoding=\"async\" src=\"http:\/\/localhost\/websaber\/wp-content\/uploads\/2020\/06\/Odontologia.jpg\" alt=\"Odontolog\u00eda\" title=\"\"><\/div>\r\n      \r\n      <div class=\"box-content clearfix\">\r\n                     <span class=\"job-type\">PEAD<\/span>\r\n                              <h2 class=\"title\">\r\n              <a href=\"#\">Odontolog\u00eda<\/a>            <\/h2>\r\n                  <div class=\"box-information clearfix\">\r\n            <ul>\r\n                                 <li class=\"job-company\">\r\n                     <i class=\"icon fa fa-suitcase\"><\/i>\r\n                     Grupo El Saber                  <\/li>\r\n                                                <li class=\"job-address\">\r\n                     <i class=\"icon fas fa-map-marker-alt\"><\/i>\r\n                     Odontolog\u00eda                  <\/li>\r\n                           <\/ul>\r\n         <\/div>\r\n      <\/div>   \r\n   <\/div>\r\n<\/div>\t\t\t\t<\/div>\n\t\t\t\t<\/div>\n\t\t\t\t<div class=\"elementor-element elementor-element-147fc53 elementor-widget elementor-widget-gva-career-block\" data-id=\"147fc53\" data-element_type=\"widget\" data-e-type=\"widget\" data-widget_type=\"gva-career-block.default\">\n\t\t\t\t<div class=\"elementor-widget-container\">\n\t\t\t\t\t<div class=\"gva-element-gva-career-block gva-element\">   <div class=\"gsc-career\">\r\n               <div class=\"image-box\"><img decoding=\"async\" src=\"http:\/\/localhost\/websaber\/wp-content\/uploads\/2020\/06\/Gineco2.jpg\" alt=\"Obstetricia\" title=\"\"><\/div>\r\n      \r\n      <div class=\"box-content clearfix\">\r\n                     <span class=\"job-type\">PEAD<\/span>\r\n                              <h2 class=\"title\">\r\n              <a href=\"#\">Obstetricia<\/a>            <\/h2>\r\n                  <div class=\"box-information clearfix\">\r\n            <ul>\r\n                                 <li class=\"job-company\">\r\n                     <i class=\"icon fa fa-suitcase\"><\/i>\r\n                     Grupo El Saber                  <\/li>\r\n                                                <li class=\"job-address\">\r\n                     <i class=\"icon fas fa-map-marker-alt\"><\/i>\r\n                     Obstetricia                  <\/li>\r\n                           <\/ul>\r\n         <\/div>\r\n      <\/div>   \r\n   <\/div>\r\n<\/div>\t\t\t\t<\/div>\n\t\t\t\t<\/div>\n\t\t\t\t<div class=\"elementor-element elementor-element-3df8803 elementor-widget elementor-widget-gva-career-block\" data-id=\"3df8803\" data-element_type=\"widget\" data-e-type=\"widget\" data-widget_type=\"gva-career-block.default\">\n\t\t\t\t<div class=\"elementor-widget-container\">\n\t\t\t\t\t<div class=\"gva-element-gva-career-block gva-element\">   <div class=\"gsc-career\">\r\n               <div class=\"image-box\"><img decoding=\"async\" src=\"http:\/\/localhost\/websaber\/wp-content\/uploads\/2020\/06\/enfermeras.jpg\" alt=\"Enfermer\u00eda\" title=\"\"><\/div>\r\n      \r\n      <div class=\"box-content clearfix\">\r\n                     <span class=\"job-type\">PEAD<\/span>\r\n                              <h2 class=\"title\">\r\n              <a href=\"#\">Enfermer\u00eda<\/a>            <\/h2>\r\n                  <div class=\"box-information clearfix\">\r\n            <ul>\r\n                                 <li class=\"job-company\">\r\n                     <i class=\"icon fa fa-suitcase\"><\/i>\r\n                     Grupo El Saber                  <\/li>\r\n                                                <li class=\"job-address\">\r\n                     <i class=\"icon fas fa-map-marker-alt\"><\/i>\r\n                     Enfermer\u00eda                  <\/li>\r\n                           <\/ul>\r\n         <\/div>\r\n      <\/div>   \r\n   <\/div>\r\n<\/div>\t\t\t\t<\/div>\n\t\t\t\t<\/div>\n\t\t\t\t<div class=\"elementor-element elementor-element-fd9e11c elementor-widget elementor-widget-gva-career-block\" data-id=\"fd9e11c\" data-element_type=\"widget\" data-e-type=\"widget\" data-widget_type=\"gva-career-block.default\">\n\t\t\t\t<div class=\"elementor-widget-container\">\n\t\t\t\t\t<div class=\"gva-element-gva-career-block gva-element\">   <div class=\"gsc-career\">\r\n               <div class=\"image-box\"><img decoding=\"async\" src=\"http:\/\/localhost\/websaber\/wp-content\/uploads\/2020\/06\/242078_1.jpg\" alt=\"Tecn\u00f3logos y T\u00e9cnicos de Laboratorio\" title=\"\"><\/div>\r\n      \r\n      <div class=\"box-content clearfix\">\r\n                     <span class=\"job-type\">PEAD<\/span>\r\n                              <h2 class=\"title\">\r\n              <a href=\"#\">Tecn\u00f3logos y T\u00e9cnicos de Laboratorio<\/a>            <\/h2>\r\n                  <div class=\"box-information clearfix\">\r\n            <ul>\r\n                                 <li class=\"job-company\">\r\n                     <i class=\"icon fa fa-suitcase\"><\/i>\r\n                     Grupo El Saber                  <\/li>\r\n                                                <li class=\"job-address\">\r\n                     <i class=\"icon fas fa-map-marker-alt\"><\/i>\r\n                     Tecn\u00f3logos y T\u00e9cnicos de Laboratorio                  <\/li>\r\n                           <\/ul>\r\n         <\/div>\r\n      <\/div>   \r\n   <\/div>\r\n<\/div>\t\t\t\t<\/div>\n\t\t\t\t<\/div>\n\t\t\t\t<div class=\"elementor-element elementor-element-2ffa257 elementor-widget elementor-widget-gva-career-block\" data-id=\"2ffa257\" data-element_type=\"widget\" data-e-type=\"widget\" data-widget_type=\"gva-career-block.default\">\n\t\t\t\t<div class=\"elementor-widget-container\">\n\t\t\t\t\t<div class=\"gva-element-gva-career-block gva-element\">   <div class=\"gsc-career\">\r\n               <div class=\"image-box\"><img decoding=\"async\" src=\"http:\/\/localhost\/websaber\/wp-content\/uploads\/2020\/06\/retrato-dos-farmaceuticos-jovenes-hermosos-lugar-trabajo_109710-1716.jpg\" alt=\"Farmac\u00e9uticos Nutricionistas, Fisioterapia, Radi\u00f3logos y Oftalm\u00f3logos\" title=\"\"><\/div>\r\n      \r\n      <div class=\"box-content clearfix\">\r\n                     <span class=\"job-type\">PEAD<\/span>\r\n                              <h2 class=\"title\">\r\n              <a href=\"#\">Farmac\u00e9uticos Nutricionistas, Fisioterapia, Radi\u00f3logos y Oftalm\u00f3logos<\/a>            <\/h2>\r\n                  <div class=\"box-information clearfix\">\r\n            <ul>\r\n                                 <li class=\"job-company\">\r\n                     <i class=\"icon fa fa-suitcase\"><\/i>\r\n                     Grupo El Saber                  <\/li>\r\n                                                <li class=\"job-address\">\r\n                     <i class=\"icon fas fa-map-marker-alt\"><\/i>\r\n                     Farmac\u00e9uticos Nutricionistas, Fisioterapia, Radi\u00f3logos y Oftalm\u00f3logos                  <\/li>\r\n                           <\/ul>\r\n         <\/div>\r\n      <\/div>   \r\n   <\/div>\r\n<\/div>\t\t\t\t<\/div>\n\t\t\t\t<\/div>\n\t\t\t\t<div class=\"elementor-element elementor-element-0c34f51 elementor-widget elementor-widget-gva-career-block\" data-id=\"0c34f51\" data-element_type=\"widget\" data-e-type=\"widget\" data-widget_type=\"gva-career-block.default\">\n\t\t\t\t<div class=\"elementor-widget-container\">\n\t\t\t\t\t<div class=\"gva-element-gva-career-block gva-element\">   <div class=\"gsc-career\">\r\n               <div class=\"image-box\"><img decoding=\"async\" src=\"http:\/\/localhost\/websaber\/wp-content\/uploads\/2020\/06\/Mi-querida-psic\u00f3loga-blanca.jpg\" alt=\"Psicolog\u00eda\" title=\"\"><\/div>\r\n      \r\n      <div class=\"box-content clearfix\">\r\n                     <span class=\"job-type\">PEAD<\/span>\r\n                              <h2 class=\"title\">\r\n              <a href=\"#\">Psicolog\u00eda<\/a>            <\/h2>\r\n                  <div class=\"box-information clearfix\">\r\n            <ul>\r\n                                 <li class=\"job-company\">\r\n                     <i class=\"icon fa fa-suitcase\"><\/i>\r\n                     Grupo El Saber                  <\/li>\r\n                                                <li class=\"job-address\">\r\n                     <i class=\"icon fas fa-map-marker-alt\"><\/i>\r\n                     Psicolog\u00eda                  <\/li>\r\n                           <\/ul>\r\n         <\/div>\r\n      <\/div>   \r\n   <\/div>\r\n<\/div>\t\t\t\t<\/div>\n\t\t\t\t<\/div>\n\t\t\t\t<div class=\"elementor-element elementor-element-08a877c elementor-widget elementor-widget-gva-career-block\" data-id=\"08a877c\" data-element_type=\"widget\" data-e-type=\"widget\" data-widget_type=\"gva-career-block.default\">\n\t\t\t\t<div class=\"elementor-widget-container\">\n\t\t\t\t\t<div class=\"gva-element-gva-career-block gva-element\">   <div class=\"gsc-career\">\r\n               <div class=\"image-box\"><img decoding=\"async\" src=\"http:\/\/localhost\/websaber\/wp-content\/uploads\/2020\/06\/experts_2_org.jpg\" alt=\"Asistencia Social Ingenier\u00eda y Seguridad\" title=\"\"><\/div>\r\n      \r\n      <div class=\"box-content clearfix\">\r\n                     <span class=\"job-type\">PEAD<\/span>\r\n                              <h2 class=\"title\">\r\n              <a href=\"#\">Asistencia Social Ingenier\u00eda y Seguridad<\/a>            <\/h2>\r\n                  <div class=\"box-information clearfix\">\r\n            <ul>\r\n                                 <li class=\"job-company\">\r\n                     <i class=\"icon fa fa-suitcase\"><\/i>\r\n                     Grupo El Saber                  <\/li>\r\n                                                <li class=\"job-address\">\r\n                     <i class=\"icon fas fa-map-marker-alt\"><\/i>\r\n                     Asistencia Social Ingenier\u00eda y Seguridad                  <\/li>\r\n                           <\/ul>\r\n         <\/div>\r\n      <\/div>   \r\n   <\/div>\r\n<\/div>\t\t\t\t<\/div>\n\t\t\t\t<\/div>\n\t\t\t\t<div class=\"elementor-element elementor-element-3a0b365 elementor-widget elementor-widget-gva-career-block\" data-id=\"3a0b365\" data-element_type=\"widget\" data-e-type=\"widget\" data-widget_type=\"gva-career-block.default\">\n\t\t\t\t<div class=\"elementor-widget-container\">\n\t\t\t\t\t<div class=\"gva-element-gva-career-block gva-element\">   <div class=\"gsc-career\">\r\n               <div class=\"image-box\"><img decoding=\"async\" src=\"http:\/\/localhost\/websaber\/wp-content\/uploads\/2020\/06\/u6.jpg\" alt=\"Proyectos y Construcci\u00f3n\" title=\"\"><\/div>\r\n      \r\n      <div class=\"box-content clearfix\">\r\n                     <span class=\"job-type\">PEAD<\/span>\r\n                              <h2 class=\"title\">\r\n              <a href=\"#\">Proyectos y Construcci\u00f3n<\/a>            <\/h2>\r\n                  <div class=\"box-information clearfix\">\r\n            <ul>\r\n                                 <li class=\"job-company\">\r\n                     <i class=\"icon fa fa-suitcase\"><\/i>\r\n                     Grupo El Saber                  <\/li>\r\n                                                <li class=\"job-address\">\r\n                     <i class=\"icon fas fa-map-marker-alt\"><\/i>\r\n                     Proyectos y Construcci\u00f3n                  <\/li>\r\n                           <\/ul>\r\n         <\/div>\r\n      <\/div>   \r\n   <\/div>\r\n<\/div>\t\t\t\t<\/div>\n\t\t\t\t<\/div>\n\t\t\t\t\t<\/div>\n\t\t<\/div>\n\t\t\t\t\t<\/div>\n\t\t<\/section>\n\t\t\t\t<\/div>\n\t\t","protected":false},"excerpt":{"rendered":"<p>PEAD Alta Direcci\u00f3n Gerencial Grupo El Saber Gesti\u00f3n y Administraci\u00f3n PEAD Gesti\u00f3n y Administraci\u00f3n Grupo El Saber Gesti\u00f3n y Administraci\u00f3n PEAD Educaci\u00f3n Grupo El Saber Educaci\u00f3n PEAD Econom\u00eda, Auditor\u00eda, Contabilidad, Negocios, Inform\u00e1tica y Derecho Grupo El Saber Econom\u00eda, Auditor\u00eda, Contabilidad, Negocios, Inform\u00e1tica y Derecho PEAD Salud Grupo El Saber Salud PEAD Odontolog\u00eda Grupo El Saber [&hellip;]<\/p>\n","protected":false},"author":4,"featured_media":0,"parent":0,"menu_order":0,"comment_status":"closed","ping_status":"closed","template":"","meta":{"inline_featured_image":false,"_joinchat":[],"footnotes":""},"class_list":["post-6709","page","type-page","status-publish","hentry"],"_links":{"self":[{"href":"https:\/\/elsaber.com.pe\/site\/wp-json\/wp\/v2\/pages\/6709","targetHints":{"allow":["GET"]}}],"collection":[{"href":"https:\/\/elsaber.com.pe\/site\/wp-json\/wp\/v2\/pages"}],"about":[{"href":"https:\/\/elsaber.com.pe\/site\/wp-json\/wp\/v2\/types\/page"}],"author":[{"embeddable":true,"href":"https:\/\/elsaber.com.pe\/site\/wp-json\/wp\/v2\/users\/4"}],"replies":[{"embeddable":true,"href":"https:\/\/elsaber.com.pe\/site\/wp-json\/wp\/v2\/comments?post=6709"}],"version-history":[{"count":0,"href":"https:\/\/elsaber.com.pe\/site\/wp-json\/wp\/v2\/pages\/6709\/revisions"}],"wp:attachment":[{"href":"https:\/\/elsaber.com.pe\/site\/wp-json\/wp\/v2\/media?parent=6709"}],"curies":[{"name":"wp","href":"https:\/\/api.w.org\/{rel}","templated":true}]}}