{"id":605,"date":"2021-04-03T02:40:12","date_gmt":"2021-04-03T02:40:12","guid":{"rendered":"https:\/\/gaviaspreview.com\/wp\/zilom\/donor-dashboard-3\/"},"modified":"2022-01-30T18:19:29","modified_gmt":"2022-01-30T23:19:29","slug":"portfolio-page","status":"publish","type":"page","link":"https:\/\/elsaber.com.pe\/site\/nosotros\/portfolio-page\/","title":{"rendered":"Eventos"},"content":{"rendered":"\t\t<div data-elementor-type=\"wp-page\" data-elementor-id=\"605\" class=\"elementor elementor-605\">\n\t\t\t\t\t\t<section class=\"elementor-section elementor-top-section elementor-element elementor-element-48db42d elementor-section-boxed elementor-section-height-default elementor-section-height-default row-top\" data-id=\"48db42d\" data-element_type=\"section\" data-e-type=\"section\">\n\t\t\t\t\t\t<div class=\"elementor-container elementor-column-gap-default\">\n\t\t\t\t\t<div class=\"elementor-column elementor-col-100 elementor-top-column elementor-element elementor-element-061d9fe column-style-top\" data-id=\"061d9fe\" data-element_type=\"column\" data-e-type=\"column\">\n\t\t\t<div class=\"elementor-widget-wrap elementor-element-populated\">\n\t\t\t\t\t\t<div class=\"elementor-element elementor-element-3b92290 elementor-widget elementor-widget-gva-heading-block\" data-id=\"3b92290\" data-element_type=\"widget\" data-e-type=\"widget\" data-widget_type=\"gva-heading-block.default\">\n\t\t\t\t<div class=\"elementor-widget-container\">\n\t\t\t\t\t<div class=\"gva-element-gva-heading-block gva-element\">   <div class=\"align-center style-1 widget gsc-heading box-align-left auto-responsive\">\r\n      <div class=\"content-inner\">\r\n         \r\n                  \r\n                     <div class=\"sub-title\"><span>\u00bfQu\u00e9 esperas para formar parte de nosotros?<\/span><\/div>\r\n           \r\n         \r\n                     <h2 class=\"title\">\r\n               <span>Nuestros Eventos<\/span>\r\n            <\/h2>\r\n                  \r\n         \r\n      <\/div>\r\n   <\/div>\r\n<\/div>\t\t\t\t<\/div>\n\t\t\t\t<\/div>\n\t\t\t\t<div class=\"elementor-element elementor-element-37f6eaf elementor-widget elementor-widget-gva-portfolio\" data-id=\"37f6eaf\" data-element_type=\"widget\" data-e-type=\"widget\" data-widget_type=\"gva-portfolio.default\">\n\t\t\t\t<div class=\"elementor-widget-container\">\n\t\t\t\t\t<div class=\"gva-element-gva-portfolio gva-element\">\r\n  <div class=\"gva-portfolio-grid clearfix grid-ab3u\" data-filter=\"ab3u\">\r\n                 <nav class=\"portfolio-filter\">\r\n          <ul class=\"nav nav-tabs\">\r\n             <li><a class=\"btn-filter all active\" href=\"javascript:void(0)\" data-filter=\"*\"><span>All<\/span><span class=\"count\"><\/span><\/a><\/li>\r\n                            <li><a href=\"javascript:void(0)\" class=\"btn-filter\" data-filter=\".2021\"><span>2021<\/span><span class=\"count\"><\/span><\/a><\/li>\r\n                       <\/ul> \r\n       <\/nav> \r\n        <div class=\"gva-content-items\"> \r\n      <div class=\"isotope-items view-portfolio lg-block-grid-3 md-block-grid-3 sm-block-grid-2 xs-block-grid-1 xx-block-grid-1\">\r\n        <div class=\"all 2021  item-columns isotope-item\">\r\n   <div class=\"portfolio-block portfolio-v1\">      \r\n      <div class=\"images\">\r\n         <a class=\"link-image-content\" href=\"https:\/\/elsaber.com.pe\/site\/portfolio\/tutoria-educativa-y-convivencia-escolar\/\">\r\n            <img fetchpriority=\"high\" decoding=\"async\" width=\"699\" height=\"700\" src=\"https:\/\/elsaber.com.pe\/site\/wp-content\/uploads\/2020\/06\/WhatsApp-Image-2020-06-23-at-2.02.43-PM-1.jpeg\" class=\"attachment-large size-large wp-post-image\" alt=\"WhatsApp Image 2020 06 23 at 2.02.43 PM 1\" srcset=\"https:\/\/elsaber.com.pe\/site\/wp-content\/uploads\/2020\/06\/WhatsApp-Image-2020-06-23-at-2.02.43-PM-1.jpeg 699w, https:\/\/elsaber.com.pe\/site\/wp-content\/uploads\/2020\/06\/WhatsApp-Image-2020-06-23-at-2.02.43-PM-1-300x300.jpeg 300w, https:\/\/elsaber.com.pe\/site\/wp-content\/uploads\/2020\/06\/WhatsApp-Image-2020-06-23-at-2.02.43-PM-1-150x150.jpeg 150w, https:\/\/elsaber.com.pe\/site\/wp-content\/uploads\/2020\/06\/WhatsApp-Image-2020-06-23-at-2.02.43-PM-1-230x230.jpeg 230w, https:\/\/elsaber.com.pe\/site\/wp-content\/uploads\/2020\/06\/WhatsApp-Image-2020-06-23-at-2.02.43-PM-1-400x400.jpeg 400w, https:\/\/elsaber.com.pe\/site\/wp-content\/uploads\/2020\/06\/WhatsApp-Image-2020-06-23-at-2.02.43-PM-1-600x601.jpeg 600w, https:\/\/elsaber.com.pe\/site\/wp-content\/uploads\/2020\/06\/WhatsApp-Image-2020-06-23-at-2.02.43-PM-1-640x640.jpeg 640w, https:\/\/elsaber.com.pe\/site\/wp-content\/uploads\/2020\/06\/WhatsApp-Image-2020-06-23-at-2.02.43-PM-1-20x20.jpeg 20w\" sizes=\"(max-width: 699px) 100vw, 699px\" title=\"\">         <\/a>\r\n            \r\n      <\/div>\r\n      <div class=\"portfolio-content\">\r\n         <div class=\"content-inner\">\r\n            <div class=\"portfolio-meta\"><a href=\"https:\/\/elsaber.com.pe\/site\/category-portfolio\/2021\/\" title=\"View all posts in 2021\">2021<\/a><\/div>\r\n            <h3 class=\"title\"><a href=\"https:\/\/elsaber.com.pe\/site\/portfolio\/tutoria-educativa-y-convivencia-escolar\/\">Tutor\u00eda Educativa y Convivencia Escolar<\/a><\/h3> \r\n         <\/div>    \r\n      <\/div>   \r\n   <\/div>\r\n<\/div>\r\n\r\n  <div class=\"all 2021  item-columns isotope-item\">\r\n   <div class=\"portfolio-block portfolio-v1\">      \r\n      <div class=\"images\">\r\n         <a class=\"link-image-content\" href=\"https:\/\/elsaber.com.pe\/site\/portfolio\/psicomotricidad\/\">\r\n            <img decoding=\"async\" width=\"699\" height=\"700\" src=\"https:\/\/elsaber.com.pe\/site\/wp-content\/uploads\/2020\/06\/WhatsApp-Image-2020-06-23-at-2.02.42-PM.jpeg\" class=\"attachment-large size-large wp-post-image\" alt=\"WhatsApp Image 2020 06 23 at 2.02.42 PM\" srcset=\"https:\/\/elsaber.com.pe\/site\/wp-content\/uploads\/2020\/06\/WhatsApp-Image-2020-06-23-at-2.02.42-PM.jpeg 699w, https:\/\/elsaber.com.pe\/site\/wp-content\/uploads\/2020\/06\/WhatsApp-Image-2020-06-23-at-2.02.42-PM-300x300.jpeg 300w, https:\/\/elsaber.com.pe\/site\/wp-content\/uploads\/2020\/06\/WhatsApp-Image-2020-06-23-at-2.02.42-PM-150x150.jpeg 150w, https:\/\/elsaber.com.pe\/site\/wp-content\/uploads\/2020\/06\/WhatsApp-Image-2020-06-23-at-2.02.42-PM-230x230.jpeg 230w, https:\/\/elsaber.com.pe\/site\/wp-content\/uploads\/2020\/06\/WhatsApp-Image-2020-06-23-at-2.02.42-PM-400x400.jpeg 400w, https:\/\/elsaber.com.pe\/site\/wp-content\/uploads\/2020\/06\/WhatsApp-Image-2020-06-23-at-2.02.42-PM-600x601.jpeg 600w, https:\/\/elsaber.com.pe\/site\/wp-content\/uploads\/2020\/06\/WhatsApp-Image-2020-06-23-at-2.02.42-PM-640x640.jpeg 640w, https:\/\/elsaber.com.pe\/site\/wp-content\/uploads\/2020\/06\/WhatsApp-Image-2020-06-23-at-2.02.42-PM-20x20.jpeg 20w\" sizes=\"(max-width: 699px) 100vw, 699px\" title=\"\">         <\/a>\r\n            \r\n      <\/div>\r\n      <div class=\"portfolio-content\">\r\n         <div class=\"content-inner\">\r\n            <div class=\"portfolio-meta\"><a href=\"https:\/\/elsaber.com.pe\/site\/category-portfolio\/2021\/\" title=\"View all posts in 2021\">2021<\/a><\/div>\r\n            <h3 class=\"title\"><a href=\"https:\/\/elsaber.com.pe\/site\/portfolio\/psicomotricidad\/\">Psicomotricidad<\/a><\/h3> \r\n         <\/div>    \r\n      <\/div>   \r\n   <\/div>\r\n<\/div>\r\n\r\n  <div class=\"all 2021  item-columns isotope-item\">\r\n   <div class=\"portfolio-block portfolio-v1\">      \r\n      <div class=\"images\">\r\n         <a class=\"link-image-content\" href=\"https:\/\/elsaber.com.pe\/site\/portfolio\/la-neurociencia-y-gestion-de-los-aprendizajes\/\">\r\n                     <\/a>\r\n            \r\n      <\/div>\r\n      <div class=\"portfolio-content\">\r\n         <div class=\"content-inner\">\r\n            <div class=\"portfolio-meta\"><a href=\"https:\/\/elsaber.com.pe\/site\/category-portfolio\/2021\/\" title=\"View all posts in 2021\">2021<\/a><\/div>\r\n            <h3 class=\"title\"><a href=\"https:\/\/elsaber.com.pe\/site\/portfolio\/la-neurociencia-y-gestion-de-los-aprendizajes\/\">La Neurociencia y Gesti\u00f3n de los Aprendizajes<\/a><\/h3> \r\n         <\/div>    \r\n      <\/div>   \r\n   <\/div>\r\n<\/div>\r\n\r\n  <div class=\"all 2021  item-columns isotope-item\">\r\n   <div class=\"portfolio-block portfolio-v1\">      \r\n      <div class=\"images\">\r\n         <a class=\"link-image-content\" href=\"https:\/\/elsaber.com.pe\/site\/portfolio\/habilidades-logico-matematicas\/\">\r\n            <img decoding=\"async\" width=\"699\" height=\"700\" src=\"https:\/\/elsaber.com.pe\/site\/wp-content\/uploads\/2020\/06\/WhatsApp-Image-2020-06-23-at-2.26.25-PM.jpeg\" class=\"attachment-large size-large wp-post-image\" alt=\"WhatsApp Image 2020 06 23 at 2.26.25 PM\" srcset=\"https:\/\/elsaber.com.pe\/site\/wp-content\/uploads\/2020\/06\/WhatsApp-Image-2020-06-23-at-2.26.25-PM.jpeg 699w, https:\/\/elsaber.com.pe\/site\/wp-content\/uploads\/2020\/06\/WhatsApp-Image-2020-06-23-at-2.26.25-PM-300x300.jpeg 300w, https:\/\/elsaber.com.pe\/site\/wp-content\/uploads\/2020\/06\/WhatsApp-Image-2020-06-23-at-2.26.25-PM-150x150.jpeg 150w, https:\/\/elsaber.com.pe\/site\/wp-content\/uploads\/2020\/06\/WhatsApp-Image-2020-06-23-at-2.26.25-PM-230x230.jpeg 230w, https:\/\/elsaber.com.pe\/site\/wp-content\/uploads\/2020\/06\/WhatsApp-Image-2020-06-23-at-2.26.25-PM-400x400.jpeg 400w, https:\/\/elsaber.com.pe\/site\/wp-content\/uploads\/2020\/06\/WhatsApp-Image-2020-06-23-at-2.26.25-PM-600x601.jpeg 600w, https:\/\/elsaber.com.pe\/site\/wp-content\/uploads\/2020\/06\/WhatsApp-Image-2020-06-23-at-2.26.25-PM-640x640.jpeg 640w, https:\/\/elsaber.com.pe\/site\/wp-content\/uploads\/2020\/06\/WhatsApp-Image-2020-06-23-at-2.26.25-PM-20x20.jpeg 20w\" sizes=\"(max-width: 699px) 100vw, 699px\" title=\"\">         <\/a>\r\n            \r\n      <\/div>\r\n      <div class=\"portfolio-content\">\r\n         <div class=\"content-inner\">\r\n            <div class=\"portfolio-meta\"><a href=\"https:\/\/elsaber.com.pe\/site\/category-portfolio\/2021\/\" title=\"View all posts in 2021\">2021<\/a><\/div>\r\n            <h3 class=\"title\"><a href=\"https:\/\/elsaber.com.pe\/site\/portfolio\/habilidades-logico-matematicas\/\">Habilidades L\u00f3gico Matem\u00e1ticas<\/a><\/h3> \r\n         <\/div>    \r\n      <\/div>   \r\n   <\/div>\r\n<\/div>\r\n\r\n  <div class=\"all 2021  item-columns isotope-item\">\r\n   <div class=\"portfolio-block portfolio-v1\">      \r\n      <div class=\"images\">\r\n         <a class=\"link-image-content\" href=\"https:\/\/elsaber.com.pe\/site\/portfolio\/estrategias-metodologicas-para-promover-la-ensenanza-aprendizaje-3\/\">\r\n            <img loading=\"lazy\" decoding=\"async\" width=\"900\" height=\"902\" src=\"https:\/\/elsaber.com.pe\/site\/wp-content\/uploads\/2020\/07\/WhatsApp-Image-2020-07-30-at-11.36.13-AM-1-1022x1024.jpeg\" class=\"attachment-large size-large wp-post-image\" alt=\"WhatsApp Image 2020 07 30 at 11.36.13 AM 1\" srcset=\"https:\/\/elsaber.com.pe\/site\/wp-content\/uploads\/2020\/07\/WhatsApp-Image-2020-07-30-at-11.36.13-AM-1-1022x1024.jpeg 1022w, https:\/\/elsaber.com.pe\/site\/wp-content\/uploads\/2020\/07\/WhatsApp-Image-2020-07-30-at-11.36.13-AM-1-300x300.jpeg 300w, https:\/\/elsaber.com.pe\/site\/wp-content\/uploads\/2020\/07\/WhatsApp-Image-2020-07-30-at-11.36.13-AM-1-150x150.jpeg 150w, https:\/\/elsaber.com.pe\/site\/wp-content\/uploads\/2020\/07\/WhatsApp-Image-2020-07-30-at-11.36.13-AM-1-768x769.jpeg 768w, https:\/\/elsaber.com.pe\/site\/wp-content\/uploads\/2020\/07\/WhatsApp-Image-2020-07-30-at-11.36.13-AM-1-230x230.jpeg 230w, https:\/\/elsaber.com.pe\/site\/wp-content\/uploads\/2020\/07\/WhatsApp-Image-2020-07-30-at-11.36.13-AM-1-400x400.jpeg 400w, https:\/\/elsaber.com.pe\/site\/wp-content\/uploads\/2020\/07\/WhatsApp-Image-2020-07-30-at-11.36.13-AM-1-600x601.jpeg 600w, https:\/\/elsaber.com.pe\/site\/wp-content\/uploads\/2020\/07\/WhatsApp-Image-2020-07-30-at-11.36.13-AM-1-640x640.jpeg 640w, https:\/\/elsaber.com.pe\/site\/wp-content\/uploads\/2020\/07\/WhatsApp-Image-2020-07-30-at-11.36.13-AM-1-20x20.jpeg 20w, https:\/\/elsaber.com.pe\/site\/wp-content\/uploads\/2020\/07\/WhatsApp-Image-2020-07-30-at-11.36.13-AM-1.jpeg 1278w\" sizes=\"(max-width: 900px) 100vw, 900px\" title=\"\">         <\/a>\r\n            \r\n      <\/div>\r\n      <div class=\"portfolio-content\">\r\n         <div class=\"content-inner\">\r\n            <div class=\"portfolio-meta\"><a href=\"https:\/\/elsaber.com.pe\/site\/category-portfolio\/2021\/\" title=\"View all posts in 2021\">2021<\/a><\/div>\r\n            <h3 class=\"title\"><a href=\"https:\/\/elsaber.com.pe\/site\/portfolio\/estrategias-metodologicas-para-promover-la-ensenanza-aprendizaje-3\/\">Estrategias Metodol\u00f3gicas para promover la Ense\u00f1anza Aprendizaje<\/a><\/h3> \r\n         <\/div>    \r\n      <\/div>   \r\n   <\/div>\r\n<\/div>\r\n\r\n  <div class=\"all 2021  item-columns isotope-item\">\r\n   <div class=\"portfolio-block portfolio-v1\">      \r\n      <div class=\"images\">\r\n         <a class=\"link-image-content\" href=\"https:\/\/elsaber.com.pe\/site\/portfolio\/estrategias-metodologicas-para-promover-la-ensenanza-aprendizaje-2\/\">\r\n            <img loading=\"lazy\" decoding=\"async\" width=\"900\" height=\"902\" src=\"https:\/\/elsaber.com.pe\/site\/wp-content\/uploads\/2020\/07\/WhatsApp-Image-2020-07-30-at-11.36.13-AM-1-1022x1024.jpeg\" class=\"attachment-large size-large wp-post-image\" alt=\"WhatsApp Image 2020 07 30 at 11.36.13 AM 1\" srcset=\"https:\/\/elsaber.com.pe\/site\/wp-content\/uploads\/2020\/07\/WhatsApp-Image-2020-07-30-at-11.36.13-AM-1-1022x1024.jpeg 1022w, https:\/\/elsaber.com.pe\/site\/wp-content\/uploads\/2020\/07\/WhatsApp-Image-2020-07-30-at-11.36.13-AM-1-300x300.jpeg 300w, https:\/\/elsaber.com.pe\/site\/wp-content\/uploads\/2020\/07\/WhatsApp-Image-2020-07-30-at-11.36.13-AM-1-150x150.jpeg 150w, https:\/\/elsaber.com.pe\/site\/wp-content\/uploads\/2020\/07\/WhatsApp-Image-2020-07-30-at-11.36.13-AM-1-768x769.jpeg 768w, https:\/\/elsaber.com.pe\/site\/wp-content\/uploads\/2020\/07\/WhatsApp-Image-2020-07-30-at-11.36.13-AM-1-230x230.jpeg 230w, https:\/\/elsaber.com.pe\/site\/wp-content\/uploads\/2020\/07\/WhatsApp-Image-2020-07-30-at-11.36.13-AM-1-400x400.jpeg 400w, https:\/\/elsaber.com.pe\/site\/wp-content\/uploads\/2020\/07\/WhatsApp-Image-2020-07-30-at-11.36.13-AM-1-600x601.jpeg 600w, https:\/\/elsaber.com.pe\/site\/wp-content\/uploads\/2020\/07\/WhatsApp-Image-2020-07-30-at-11.36.13-AM-1-640x640.jpeg 640w, https:\/\/elsaber.com.pe\/site\/wp-content\/uploads\/2020\/07\/WhatsApp-Image-2020-07-30-at-11.36.13-AM-1-20x20.jpeg 20w, https:\/\/elsaber.com.pe\/site\/wp-content\/uploads\/2020\/07\/WhatsApp-Image-2020-07-30-at-11.36.13-AM-1.jpeg 1278w\" sizes=\"(max-width: 900px) 100vw, 900px\" title=\"\">         <\/a>\r\n            \r\n      <\/div>\r\n      <div class=\"portfolio-content\">\r\n         <div class=\"content-inner\">\r\n            <div class=\"portfolio-meta\"><a href=\"https:\/\/elsaber.com.pe\/site\/category-portfolio\/2021\/\" title=\"View all posts in 2021\">2021<\/a><\/div>\r\n            <h3 class=\"title\"><a href=\"https:\/\/elsaber.com.pe\/site\/portfolio\/estrategias-metodologicas-para-promover-la-ensenanza-aprendizaje-2\/\">Estrategias Metodol\u00f3gicas para promover la Ense\u00f1anza Aprendizaje<\/a><\/h3> \r\n         <\/div>    \r\n      <\/div>   \r\n   <\/div>\r\n<\/div>\r\n\r\n  <div class=\"all 2021  item-columns isotope-item\">\r\n   <div class=\"portfolio-block portfolio-v1\">      \r\n      <div class=\"images\">\r\n         <a class=\"link-image-content\" href=\"https:\/\/elsaber.com.pe\/site\/portfolio\/estrategias-metodologicas-para-promover-la-ensenanza-aprendizaje\/\">\r\n            <img loading=\"lazy\" decoding=\"async\" width=\"900\" height=\"902\" src=\"https:\/\/elsaber.com.pe\/site\/wp-content\/uploads\/2020\/07\/WhatsApp-Image-2020-07-30-at-11.36.13-AM-2-1022x1024.jpeg\" class=\"attachment-large size-large wp-post-image\" alt=\"WhatsApp Image 2020 07 30 at 11.36.13 AM 2\" srcset=\"https:\/\/elsaber.com.pe\/site\/wp-content\/uploads\/2020\/07\/WhatsApp-Image-2020-07-30-at-11.36.13-AM-2-1022x1024.jpeg 1022w, https:\/\/elsaber.com.pe\/site\/wp-content\/uploads\/2020\/07\/WhatsApp-Image-2020-07-30-at-11.36.13-AM-2-300x300.jpeg 300w, https:\/\/elsaber.com.pe\/site\/wp-content\/uploads\/2020\/07\/WhatsApp-Image-2020-07-30-at-11.36.13-AM-2-150x150.jpeg 150w, https:\/\/elsaber.com.pe\/site\/wp-content\/uploads\/2020\/07\/WhatsApp-Image-2020-07-30-at-11.36.13-AM-2-768x770.jpeg 768w, https:\/\/elsaber.com.pe\/site\/wp-content\/uploads\/2020\/07\/WhatsApp-Image-2020-07-30-at-11.36.13-AM-2-230x230.jpeg 230w, https:\/\/elsaber.com.pe\/site\/wp-content\/uploads\/2020\/07\/WhatsApp-Image-2020-07-30-at-11.36.13-AM-2-400x400.jpeg 400w, https:\/\/elsaber.com.pe\/site\/wp-content\/uploads\/2020\/07\/WhatsApp-Image-2020-07-30-at-11.36.13-AM-2-600x601.jpeg 600w, https:\/\/elsaber.com.pe\/site\/wp-content\/uploads\/2020\/07\/WhatsApp-Image-2020-07-30-at-11.36.13-AM-2-640x640.jpeg 640w, https:\/\/elsaber.com.pe\/site\/wp-content\/uploads\/2020\/07\/WhatsApp-Image-2020-07-30-at-11.36.13-AM-2-20x20.jpeg 20w, https:\/\/elsaber.com.pe\/site\/wp-content\/uploads\/2020\/07\/WhatsApp-Image-2020-07-30-at-11.36.13-AM-2.jpeg 1277w\" sizes=\"(max-width: 900px) 100vw, 900px\" title=\"\">         <\/a>\r\n            \r\n      <\/div>\r\n      <div class=\"portfolio-content\">\r\n         <div class=\"content-inner\">\r\n            <div class=\"portfolio-meta\"><a href=\"https:\/\/elsaber.com.pe\/site\/category-portfolio\/2021\/\" title=\"View all posts in 2021\">2021<\/a><\/div>\r\n            <h3 class=\"title\"><a href=\"https:\/\/elsaber.com.pe\/site\/portfolio\/estrategias-metodologicas-para-promover-la-ensenanza-aprendizaje\/\">Estrategias Metodol\u00f3gicas para promover la Ense\u00f1anza Aprendizaje<\/a><\/h3> \r\n         <\/div>    \r\n      <\/div>   \r\n   <\/div>\r\n<\/div>\r\n\r\n  <div class=\"all 2021  item-columns isotope-item\">\r\n   <div class=\"portfolio-block portfolio-v1\">      \r\n      <div class=\"images\">\r\n         <a class=\"link-image-content\" href=\"https:\/\/elsaber.com.pe\/site\/portfolio\/desarrollo-de-habilidades-comunicativas\/\">\r\n            <img loading=\"lazy\" decoding=\"async\" width=\"900\" height=\"902\" src=\"https:\/\/elsaber.com.pe\/site\/wp-content\/uploads\/2020\/07\/WhatsApp-Image-2020-07-30-at-11.36.14-AM-1022x1024.jpeg\" class=\"attachment-large size-large wp-post-image\" alt=\"WhatsApp Image 2020 07 30 at 11.36.14 AM\" srcset=\"https:\/\/elsaber.com.pe\/site\/wp-content\/uploads\/2020\/07\/WhatsApp-Image-2020-07-30-at-11.36.14-AM-1022x1024.jpeg 1022w, https:\/\/elsaber.com.pe\/site\/wp-content\/uploads\/2020\/07\/WhatsApp-Image-2020-07-30-at-11.36.14-AM-300x300.jpeg 300w, https:\/\/elsaber.com.pe\/site\/wp-content\/uploads\/2020\/07\/WhatsApp-Image-2020-07-30-at-11.36.14-AM-150x150.jpeg 150w, https:\/\/elsaber.com.pe\/site\/wp-content\/uploads\/2020\/07\/WhatsApp-Image-2020-07-30-at-11.36.14-AM-768x769.jpeg 768w, https:\/\/elsaber.com.pe\/site\/wp-content\/uploads\/2020\/07\/WhatsApp-Image-2020-07-30-at-11.36.14-AM-230x230.jpeg 230w, https:\/\/elsaber.com.pe\/site\/wp-content\/uploads\/2020\/07\/WhatsApp-Image-2020-07-30-at-11.36.14-AM-400x400.jpeg 400w, https:\/\/elsaber.com.pe\/site\/wp-content\/uploads\/2020\/07\/WhatsApp-Image-2020-07-30-at-11.36.14-AM-600x601.jpeg 600w, https:\/\/elsaber.com.pe\/site\/wp-content\/uploads\/2020\/07\/WhatsApp-Image-2020-07-30-at-11.36.14-AM-640x640.jpeg 640w, https:\/\/elsaber.com.pe\/site\/wp-content\/uploads\/2020\/07\/WhatsApp-Image-2020-07-30-at-11.36.14-AM-20x20.jpeg 20w, https:\/\/elsaber.com.pe\/site\/wp-content\/uploads\/2020\/07\/WhatsApp-Image-2020-07-30-at-11.36.14-AM.jpeg 1278w\" sizes=\"(max-width: 900px) 100vw, 900px\" title=\"\">         <\/a>\r\n            \r\n      <\/div>\r\n      <div class=\"portfolio-content\">\r\n         <div class=\"content-inner\">\r\n            <div class=\"portfolio-meta\"><a href=\"https:\/\/elsaber.com.pe\/site\/category-portfolio\/2021\/\" title=\"View all posts in 2021\">2021<\/a><\/div>\r\n            <h3 class=\"title\"><a href=\"https:\/\/elsaber.com.pe\/site\/portfolio\/desarrollo-de-habilidades-comunicativas\/\">Desarrollo de Habilidades Comunicativas<\/a><\/h3> \r\n         <\/div>    \r\n      <\/div>   \r\n   <\/div>\r\n<\/div>\r\n\r\n  <div class=\"all 2021  item-columns isotope-item\">\r\n   <div class=\"portfolio-block portfolio-v1\">      \r\n      <div class=\"images\">\r\n         <a class=\"link-image-content\" href=\"https:\/\/elsaber.com.pe\/site\/portfolio\/acompanamiento-pedagogico-y-monitoreo\/\">\r\n            <img loading=\"lazy\" decoding=\"async\" width=\"699\" height=\"700\" src=\"https:\/\/elsaber.com.pe\/site\/wp-content\/uploads\/2020\/06\/WhatsApp-Image-2020-06-23-at-2.02.44-PM.jpeg\" class=\"attachment-large size-large wp-post-image\" alt=\"WhatsApp Image 2020 06 23 at 2.02.44 PM\" srcset=\"https:\/\/elsaber.com.pe\/site\/wp-content\/uploads\/2020\/06\/WhatsApp-Image-2020-06-23-at-2.02.44-PM.jpeg 699w, https:\/\/elsaber.com.pe\/site\/wp-content\/uploads\/2020\/06\/WhatsApp-Image-2020-06-23-at-2.02.44-PM-300x300.jpeg 300w, https:\/\/elsaber.com.pe\/site\/wp-content\/uploads\/2020\/06\/WhatsApp-Image-2020-06-23-at-2.02.44-PM-150x150.jpeg 150w, https:\/\/elsaber.com.pe\/site\/wp-content\/uploads\/2020\/06\/WhatsApp-Image-2020-06-23-at-2.02.44-PM-230x230.jpeg 230w, https:\/\/elsaber.com.pe\/site\/wp-content\/uploads\/2020\/06\/WhatsApp-Image-2020-06-23-at-2.02.44-PM-400x400.jpeg 400w, https:\/\/elsaber.com.pe\/site\/wp-content\/uploads\/2020\/06\/WhatsApp-Image-2020-06-23-at-2.02.44-PM-600x601.jpeg 600w, https:\/\/elsaber.com.pe\/site\/wp-content\/uploads\/2020\/06\/WhatsApp-Image-2020-06-23-at-2.02.44-PM-640x640.jpeg 640w, https:\/\/elsaber.com.pe\/site\/wp-content\/uploads\/2020\/06\/WhatsApp-Image-2020-06-23-at-2.02.44-PM-20x20.jpeg 20w\" sizes=\"(max-width: 699px) 100vw, 699px\" title=\"\">         <\/a>\r\n            \r\n      <\/div>\r\n      <div class=\"portfolio-content\">\r\n         <div class=\"content-inner\">\r\n            <div class=\"portfolio-meta\"><a href=\"https:\/\/elsaber.com.pe\/site\/category-portfolio\/2021\/\" title=\"View all posts in 2021\">2021<\/a><\/div>\r\n            <h3 class=\"title\"><a href=\"https:\/\/elsaber.com.pe\/site\/portfolio\/acompanamiento-pedagogico-y-monitoreo\/\">Acompa\u00f1amiento Pedag\u00f3gico y Monitoreo<\/a><\/h3> \r\n         <\/div>    \r\n      <\/div>   \r\n   <\/div>\r\n<\/div>\r\n\r\n        <\/div>\r\n    <\/div>\r\n      <\/div>\r\n  <\/div>\t\t\t\t<\/div>\n\t\t\t\t<\/div>\n\t\t\t\t\t<\/div>\n\t\t<\/div>\n\t\t\t\t\t<\/div>\n\t\t<\/section>\n\t\t\t\t<\/div>\n\t\t","protected":false},"excerpt":{"rendered":"<p>\u00bfQu\u00e9 esperas para formar parte de nosotros? Nuestros Eventos All Agosto Julio Clases remotas Agosto Estrategias Metodol\u00f3gicas para promover la Ense\u00f1anza Aprendizaje Agosto Estrategias Metodol\u00f3gicas para promover la Ense\u00f1anza Aprendizaje Agosto Estrategias Metodol\u00f3gicas para promover la Ense\u00f1anza Aprendizaje Clases remotas Tutor\u00eda Educativa y Convivencia Escolar Agosto Desarrollo de Habilidades Comunicativas Clases remotas Psicomotricidad Clases remotas [&hellip;]<\/p>\n","protected":false},"author":4,"featured_media":0,"parent":21,"menu_order":0,"comment_status":"closed","ping_status":"closed","template":"","meta":{"inline_featured_image":false,"_joinchat":[],"footnotes":""},"class_list":["post-605","page","type-page","status-publish","hentry"],"_links":{"self":[{"href":"https:\/\/elsaber.com.pe\/site\/wp-json\/wp\/v2\/pages\/605","targetHints":{"allow":["GET"]}}],"collection":[{"href":"https:\/\/elsaber.com.pe\/site\/wp-json\/wp\/v2\/pages"}],"about":[{"href":"https:\/\/elsaber.com.pe\/site\/wp-json\/wp\/v2\/types\/page"}],"author":[{"embeddable":true,"href":"https:\/\/elsaber.com.pe\/site\/wp-json\/wp\/v2\/users\/4"}],"replies":[{"embeddable":true,"href":"https:\/\/elsaber.com.pe\/site\/wp-json\/wp\/v2\/comments?post=605"}],"version-history":[{"count":0,"href":"https:\/\/elsaber.com.pe\/site\/wp-json\/wp\/v2\/pages\/605\/revisions"}],"up":[{"embeddable":true,"href":"https:\/\/elsaber.com.pe\/site\/wp-json\/wp\/v2\/pages\/21"}],"wp:attachment":[{"href":"https:\/\/elsaber.com.pe\/site\/wp-json\/wp\/v2\/media?parent=605"}],"curies":[{"name":"wp","href":"https:\/\/api.w.org\/{rel}","templated":true}]}}